{"id":8740,"date":"2021-07-08T12:17:39","date_gmt":"2021-07-08T12:17:39","guid":{"rendered":"https:\/\/baptisten-waldshut.de\/?page_id=8740"},"modified":"2024-07-03T15:35:56","modified_gmt":"2024-07-03T15:35:56","slug":"gemeindeleben","status":"publish","type":"page","link":"https:\/\/baptisten-waldshut.de\/index.php\/mesmerize\/gemeindeleben\/","title":{"rendered":"Gemeindeleben"},"content":{"rendered":"<div  data-label=\"Gottesdienst\" data-id=\"about--1\" data-export-id=\"about-6\" data-category=\"about\" class=\"about-6 content-section content-section-spacing\" id=\"gottesdienst\" style=\"background-color: rgb(255, 255, 255);\"><div  class=\"gridContainer\"> <div  class=\"row middle-sm text-center\"><div  class=\"col-sm-6 space-bottom-xs\" data-type=\"column\"> <h5  class=\"\">Sonntag 10 Uhr<\/h5> <h2  class=\"\">Gottesdienst<\/h2> <p  class=\"\">In den Gottesdiensten feiern wir gemeinsam unseren Glauben \n<br >und erwarten Gottes Wirken an uns. \n<br >Wir loben Gott gerne und suchen Orientierung an der Bibel \n<br >f\u00fcr unser Leben und unseren Glauben.\n<br ><br >Nach dem Gottesdienst bieten wir Gebet und Seelsorge an.<br >\nIm Kirchencaf\u00e9 kann man sich n\u00e4her kennenlernen und ins Gespr\u00e4ch kommen.<\/p> <\/div> <div  class=\"col-sm-6 image-group-right-3 space-bottom-xs\"><div  class=\"top-media\"> <img  decoding=\"async\" class=\"shadow-large\" data-size=\"350x250\" src=\"https:\/\/baptisten-waldshut.de\/wp-content\/uploads\/2021\/07\/cropped-20210709_194831-01-scaled-1.jpeg\" title=\"cropped-20210709_194831-01-scaled-1.jpeg\" alt=\"\"><\/div> <div  class=\"bottom-media\"> <img  decoding=\"async\" class=\"shadow-large\" data-size=\"350x250\" src=\"https:\/\/baptisten-waldshut.de\/wp-content\/uploads\/2021\/07\/cropped-20210709_194329-01-scaled-2.jpeg\" title=\"cropped-20210709_194329-01-scaled-2.jpeg\" alt=\"\"><\/div> <div  class=\"left-media\"> <img  decoding=\"async\" class=\"shadow-large\" data-size=\"350x400\" src=\"https:\/\/baptisten-waldshut.de\/wp-content\/uploads\/2021\/07\/cropped-20210725_094116-scaled-1.jpg\" title=\"cropped-20210725_094116-scaled-1.jpg\" alt=\"\"> <div  class=\"offset-double-border-overlay\"> <div  class=\"border-1 shadow-small\"><\/div> <div  class=\"border-2\"><\/div><\/div> <\/div><\/div> <\/div><\/div> <\/div><div data-label=\"About\" data-id=\"about--7\" data-export-id=\"about-text-image\" data-category=\"about\" class=\"about-text-image content-section content-section-spacing\" id=\"about-1\"  style=\"background-color: rgb(255, 255, 255); background-image: none;\"><div class=\"gridContainer\" > <div class=\"row\" ><div class=\"col-sm-6 col-padding-small-xs col-sm-padding-large bg-color5 white-text content-col\" data-type=\"column\" > <h5 class=\"\" >Sonntag 10 Uhr<\/h5> <h2 class=\"\" >Sonntag-<span href=\"#\" style=\"font-family: Playfair Display,sans-serif; font-weight: 700; font-style: italic;\" >Morgen\n<\/span>Kinder-<font face=\"Playfair Display, sans-serif\" ><i >Kirche<\/i><\/font><\/h2> <p class=\"\" >W\u00e4hrend des Gottesdienstes bieten wir eine Zeit f\u00fcr kleine Bibelentdecker an.&nbsp; &nbsp;<\/p><\/div> <div class=\"col-sm-6 flexbox-strech center-xs middle-xs no-gutter-col\" ><div class=\"shadow-large overlap-left-large flexbox middle-xs center-xs right-img\" data-bg=\"image\"  style=\"background-image: url(&quot;https:\/\/baptisten-waldshut.de\/wp-content\/uploads\/2024\/07\/cropped-hands-2847508_1920.jpg&quot;);\"><\/div><\/div> <\/div><\/div> <\/div><div  data-label=\"Hauskreise\" data-id=\"about--5\" data-export-id=\"about-image-text\" data-category=\"about\" class=\"about-image-text content-section content-section-spacing\" id=\"hauskreise\" style=\"background-color: rgb(245, 250, 253);\"><div  class=\"gridContainer\"> <div  class=\"row\"><div  class=\"col-sm-6 flexbox-strech center-xs middle-xs no-gutter-col\"> <div  class=\"shadow-large overlap-right-large flexbox middle-xs center-xs left-img\" data-bg=\"image\" style=\"background-image: url(&quot;https:\/\/baptisten-waldshut.de\/wp-content\/uploads\/2021\/07\/cropped-20210721_122241-scaled-2.jpg&quot;);\"><\/div><\/div> <div  class=\"col-sm-6 space-bottom-xs col-padding-small-xs col-sm-padding-large bg-color5 white-text content-col\" data-type=\"column\"> <h2  class=\"\"><span  href=\"#\" style=\"font-family: Playfair Display,sans-serif; font-weight: 700; font-style: italic;\">Haus<\/span>kreise<\/h2> <p  class=\"\">Unser Wunsch ist, dass Menschen in ihrem pers\u00f6nlichen Glaubensleben ermutigt werden, wachsen und ein Zuhause in unserer Gemeinde finden.&nbsp;Weil es dazu mehr braucht als den sonnt\u00e4glichen Gottesdienst sind Hauskreise der perfekte Ort, um konkrete Schritte mit Gott zu gehen, sein Wirken zu erleben, Freundschaften aufzubauen, sich pers\u00f6nlich auszutauschen, tiefgehend zu diskutieren, die Bibel zu studieren, \u00fcber die Predigt zu sprechen, einander zu helfen, zuzuh\u00f6ren, f\u00fcreinander da zu sein und miteinander zu beten.&nbsp;Hauskreise sind Gespr\u00e4chsgruppen, die sich in Privatwohnungen treffen. Jeder Hauskreis hat seinen eigenen Charakter. Wir m\u00f6chten jedem Interessierten helfen, einen Platz in einem Hauskreis zu finden, der zu ihm passt.\n<br ><br >Sprich einfach unseren Pastor oder die&nbsp; Hauskreisverantwortliche <a data-mce-href=\"baptisten-waldshut.de\/index.php\/ueber-uns\/#unsere-leitung\" href=\"https:\/\/baptisten-waldshut.de\/index.php\/mesmerize\/gemeindeleben\/baptisten-waldshut.de\/index.php\/ueber-uns\/#unsere-leitung\" target=\"_self\" data-mce-selected=\"inline-boundary\" data-cp-link=\"1\" rel=\"noopener\">Andrea Meier<\/a> an!&nbsp;<\/p><a class=\"button color1\" href=\"mailto:pastor@baptisten-waldshut.de\" target=\"_self\" data-cp-link=\"1\" data-icon=\"fa-envelope-o\" rel=\"noopener\"><span  class=\"button-icon fa fa-envelope-o\"><\/span>Kontakt<\/a><\/div> <\/div><\/div> <\/div><div  data-label=\"Seelsorge und Gebet\" data-id=\"about--6\" data-export-id=\"about-9\" data-category=\"about\" class=\"about-9 content-section content-section-spacing\" id=\"seelsorge-und-gebet\" style=\"background-color: rgb(255, 255, 255);\"><div  class=\"gridContainer\"> <div  class=\"row middle-sm text-center\"><div  class=\"col-sm-5 space-bottom-xs content-column content-right-sm\" data-type=\"column\">  <h2  class=\"\">Seelsorge und Gebet<\/h2> <p  class=\"\"><span  style=\"font-style: italic; color: rgb(115, 201, 34);\">Mal etwas durchdenken? \n<\/span><br ><span  style=\"font-style: italic; color: rgb(115, 201, 34);\">Jemandem etwas erz\u00e4hlen m\u00fcssen? \n<\/span><br ><span  style=\"font-style: italic; color: rgb(115, 201, 34);\">Das Bed\u00fcrfnis etwas Loswerden zu wollen? \n<\/span><br ><span  style=\"font-style: italic; color: rgb(115, 201, 34);\">Mit jemand anderem \u00fcber etwas beten?<\/span> \n<br >All das sind gute Gr\u00fcnde sich unserem Gebets- und Seelsorgeteam oder unserem Pastor anzuvertrauen. Wer etwas auf dem Herzen hat, muss es nicht allein tragen. Wir wollen daf\u00fcr sorgen, dass die Seele heilt, ausruht, durchatmet und letztlich einfach baumeln kann \u2026 Nat\u00fcrlich garantieren wir Verschwiegenheit. \n<br >Nach jedem Gottesdienst sind Menschen zum Beten und Segnen f\u00fcr dich da. Gern kannst du auch unseren Pastor kontaktieren.<\/p> <a class=\"button color1\" href=\"mailto:pastor@baptisten-waldshut.de\" target=\"_self\" data-cp-link=\"1\" data-icon=\"fa-envelope-o\" rel=\"noopener\"><span  class=\"button-icon fa fa-envelope-o\"><\/span>Kontakt<\/a><\/div> <div  class=\"col-sm-7 flexbox flexbox middle-xs center-xs space-bottom-xs\"><div  class=\"overlay-box flexbox middle-xs center-xs overlay-holder \"> <div  class=\"overlay-box-offset offset-background shadow-medium bg-color2 hide-xs\"><\/div> <img  decoding=\"async\" class=\"flexbox shadow-large img1\" src=\"https:\/\/baptisten-waldshut.de\/wp-content\/uploads\/2021\/07\/cropped-human-3729591_1920.jpg\" data-size=\"600x400\" title=\"cropped-human-3729591_1920.jpg\" alt=\"\"><\/div> <\/div><\/div> <\/div><\/div>","protected":false},"excerpt":{"rendered":"<p>Sonntag 10 Uhr Gottesdienst In den Gottesdiensten feiern wir gemeinsam unseren Glauben und erwarten Gottes Wirken an uns. Wir loben Gott gerne und suchen Orientierung an der Bibel f\u00fcr unser Leben und unseren Glauben. Nach dem Gottesdienst bieten wir Gebet und Seelsorge an. Im Kirchencaf\u00e9 kann man sich n\u00e4her kennenlernen und ins Gespr\u00e4ch kommen. Sonntag&hellip; <br \/> <a class=\"read-more\" href=\"https:\/\/baptisten-waldshut.de\/index.php\/mesmerize\/gemeindeleben\/\">Read more<\/a><\/p>\n","protected":false},"author":2,"featured_media":9144,"parent":8584,"menu_order":0,"comment_status":"closed","ping_status":"closed","template":"pro\/page-templates\/full-width-page.php","meta":{"footnotes":""},"class_list":["post-8740","page","type-page","status-publish","has-post-thumbnail","hentry"],"_links":{"self":[{"href":"https:\/\/baptisten-waldshut.de\/index.php\/wp-json\/wp\/v2\/pages\/8740","targetHints":{"allow":["GET"]}}],"collection":[{"href":"https:\/\/baptisten-waldshut.de\/index.php\/wp-json\/wp\/v2\/pages"}],"about":[{"href":"https:\/\/baptisten-waldshut.de\/index.php\/wp-json\/wp\/v2\/types\/page"}],"author":[{"embeddable":true,"href":"https:\/\/baptisten-waldshut.de\/index.php\/wp-json\/wp\/v2\/users\/2"}],"replies":[{"embeddable":true,"href":"https:\/\/baptisten-waldshut.de\/index.php\/wp-json\/wp\/v2\/comments?post=8740"}],"version-history":[{"count":17,"href":"https:\/\/baptisten-waldshut.de\/index.php\/wp-json\/wp\/v2\/pages\/8740\/revisions"}],"predecessor-version":[{"id":9712,"href":"https:\/\/baptisten-waldshut.de\/index.php\/wp-json\/wp\/v2\/pages\/8740\/revisions\/9712"}],"up":[{"embeddable":true,"href":"https:\/\/baptisten-waldshut.de\/index.php\/wp-json\/wp\/v2\/pages\/8584"}],"wp:featuredmedia":[{"embeddable":true,"href":"https:\/\/baptisten-waldshut.de\/index.php\/wp-json\/wp\/v2\/media\/9144"}],"wp:attachment":[{"href":"https:\/\/baptisten-waldshut.de\/index.php\/wp-json\/wp\/v2\/media?parent=8740"}],"curies":[{"name":"wp","href":"https:\/\/api.w.org\/{rel}","templated":true}]}}